{"id":485,"date":"2024-11-02T13:56:04","date_gmt":"2024-11-02T13:56:04","guid":{"rendered":"https:\/\/jkbuve.lv\/?page_id=485"},"modified":"2024-11-02T14:44:14","modified_gmt":"2024-11-02T14:44:14","slug":"brugesana","status":"publish","type":"page","link":"https:\/\/jkbuve.lv\/en\/brugesana\/","title":{"rendered":"Bru\u0123\u0113\u0161ana"},"content":{"rendered":"\t\t<div data-elementor-type=\"wp-page\" data-elementor-id=\"485\" class=\"elementor elementor-485 elementor-222\" data-elementor-post-type=\"page\">\n\t\t\t\t<div class=\"elementor-element elementor-element-63ad833d e-flex e-con-boxed e-con e-parent\" data-id=\"63ad833d\" data-element_type=\"container\" data-e-type=\"container\" data-settings=\"{&quot;background_background&quot;:&quot;classic&quot;}\">\n\t\t\t\t\t<div class=\"e-con-inner\">\n\t\t<div class=\"elementor-element elementor-element-1f8f56b2 e-con-full e-flex e-con e-child\" data-id=\"1f8f56b2\" data-element_type=\"container\" data-e-type=\"container\">\n\t\t\t\t<div class=\"elementor-element elementor-element-8857234 elementor-invisible elementor-widget elementor-widget-heading\" data-id=\"8857234\" data-element_type=\"widget\" data-e-type=\"widget\" data-settings=\"{&quot;_animation&quot;:&quot;slideInLeft&quot;}\" data-widget_type=\"heading.default\">\n\t\t\t\t<div class=\"elementor-widget-container\">\n\t\t\t\t\t<h1 class=\"elementor-heading-title elementor-size-default\">Paving<\/h1>\t\t\t\t<\/div>\n\t\t\t\t<\/div>\n\t\t\t\t<div class=\"elementor-element elementor-element-272b9712 animated-slow elementor-invisible elementor-widget elementor-widget-heading\" data-id=\"272b9712\" data-element_type=\"widget\" data-e-type=\"widget\" data-settings=\"{&quot;_animation&quot;:&quot;fadeInDown&quot;}\" data-widget_type=\"heading.default\">\n\t\t\t\t<div class=\"elementor-widget-container\">\n\t\t\t\t\t<h4 class=\"elementor-heading-title elementor-size-default\">Driveways and yard paving<\/h4>\t\t\t\t<\/div>\n\t\t\t\t<\/div>\n\t\t<div class=\"elementor-element elementor-element-462dad22 e-con-full e-flex e-con e-child\" data-id=\"462dad22\" data-element_type=\"container\" data-e-type=\"container\">\n\t\t\t\t<div class=\"elementor-element elementor-element-755d6e44 elementor-widget-divider--view-line elementor-invisible elementor-widget elementor-widget-divider\" data-id=\"755d6e44\" data-element_type=\"widget\" data-e-type=\"widget\" data-settings=\"{&quot;_animation&quot;:&quot;slideInLeft&quot;,&quot;_animation_delay&quot;:300}\" data-widget_type=\"divider.default\">\n\t\t\t\t<div class=\"elementor-widget-container\">\n\t\t\t\t\t\t\t<div class=\"elementor-divider\">\n\t\t\t<span class=\"elementor-divider-separator\">\n\t\t\t\t\t\t<\/span>\n\t\t<\/div>\n\t\t\t\t\t\t<\/div>\n\t\t\t\t<\/div>\n\t\t\t\t<div class=\"elementor-element elementor-element-166e3df7 elementor-icon-list--layout-inline elementor-mobile-align-center elementor-list-item-link-full_width elementor-invisible elementor-widget elementor-widget-icon-list\" data-id=\"166e3df7\" data-element_type=\"widget\" data-e-type=\"widget\" data-settings=\"{&quot;_animation&quot;:&quot;slideInLeft&quot;,&quot;_animation_delay&quot;:300}\" data-widget_type=\"icon-list.default\">\n\t\t\t\t<div class=\"elementor-widget-container\">\n\t\t\t\t\t\t\t<ul class=\"elementor-icon-list-items elementor-inline-items\">\n\t\t\t\t\t\t\t<li class=\"elementor-icon-list-item elementor-inline-item\">\n\t\t\t\t\t\t\t\t\t\t\t<a href=\"#\">\n\n\t\t\t\t\t\t\t\t\t\t\t<span class=\"elementor-icon-list-text\">Home<\/span>\n\t\t\t\t\t\t\t\t\t\t\t<\/a>\n\t\t\t\t\t\t\t\t\t<\/li>\n\t\t\t\t\t\t\t\t<li class=\"elementor-icon-list-item elementor-inline-item\">\n\t\t\t\t\t\t\t\t\t\t\t<a href=\"#\">\n\n\t\t\t\t\t\t\t\t\t\t\t\t<span class=\"elementor-icon-list-icon\">\n\t\t\t\t\t\t\t<svg aria-hidden=\"true\" class=\"e-font-icon-svg e-fas-chevron-right\" viewBox=\"0 0 320 512\" xmlns=\"http:\/\/www.w3.org\/2000\/svg\"><path d=\"M285.476 272.971L91.132 467.314c-9.373 9.373-24.569 9.373-33.941 0l-22.667-22.667c-9.357-9.357-9.375-24.522-.04-33.901L188.505 256 34.484 101.255c-9.335-9.379-9.317-24.544.04-33.901l22.667-22.667c9.373-9.373 24.569-9.373 33.941 0L285.475 239.03c9.373 9.372 9.373 24.568.001 33.941z\"><\/path><\/svg>\t\t\t\t\t\t<\/span>\n\t\t\t\t\t\t\t\t\t\t<span class=\"elementor-icon-list-text\">Paving<\/span>\n\t\t\t\t\t\t\t\t\t\t\t<\/a>\n\t\t\t\t\t\t\t\t\t<\/li>\n\t\t\t\t\t\t<\/ul>\n\t\t\t\t\t\t<\/div>\n\t\t\t\t<\/div>\n\t\t\t\t<\/div>\n\t\t\t\t<\/div>\n\t\t\t\t\t<\/div>\n\t\t\t\t<\/div>\n\t\t<div class=\"elementor-element elementor-element-201a9510 e-flex e-con-boxed e-con e-parent\" data-id=\"201a9510\" data-element_type=\"container\" data-e-type=\"container\" data-settings=\"{&quot;background_background&quot;:&quot;classic&quot;}\">\n\t\t\t\t\t<div class=\"e-con-inner\">\n\t\t<div class=\"elementor-element elementor-element-315f69d8 e-con-full e-flex e-con e-child\" data-id=\"315f69d8\" data-element_type=\"container\" data-e-type=\"container\">\n\t\t\t\t<div class=\"elementor-element elementor-element-3f89a4d3 elementor-widget elementor-widget-heading\" data-id=\"3f89a4d3\" data-element_type=\"widget\" data-e-type=\"widget\" data-widget_type=\"heading.default\">\n\t\t\t\t<div class=\"elementor-widget-container\">\n\t\t\t\t\t<h6 class=\"elementor-heading-title elementor-size-default\">About service<\/h6>\t\t\t\t<\/div>\n\t\t\t\t<\/div>\n\t\t\t\t<div class=\"elementor-element elementor-element-61d6de51 elementor-widget elementor-widget-heading\" data-id=\"61d6de51\" data-element_type=\"widget\" data-e-type=\"widget\" data-widget_type=\"heading.default\">\n\t\t\t\t<div class=\"elementor-widget-container\">\n\t\t\t\t\t<h2 class=\"elementor-heading-title elementor-size-default\">Paving<\/h2>\t\t\t\t<\/div>\n\t\t\t\t<\/div>\n\t\t<div class=\"elementor-element elementor-element-62c4fb99 e-flex e-con-boxed e-con e-child\" data-id=\"62c4fb99\" data-element_type=\"container\" data-e-type=\"container\">\n\t\t\t\t\t<div class=\"e-con-inner\">\n\t\t\t\t<div class=\"elementor-element elementor-element-6e9632c3 elementor-widget elementor-widget-text-editor\" data-id=\"6e9632c3\" data-element_type=\"widget\" data-e-type=\"widget\" data-widget_type=\"text-editor.default\">\n\t\t\t\t<div class=\"elementor-widget-container\">\n\t\t\t\t\t\t\t\t\t<div class=\"flex-shrink-0 flex flex-col relative items-end\"><div class=\"pt-0\"><div class=\"gizmo-bot-avatar flex h-8 w-8 items-center justify-center overflow-hidden rounded-full\"><div class=\"relative p-1 rounded-sm flex items-center justify-center bg-token-main-surface-primary text-token-text-primary h-8 w-8\"><div class=\"flex-shrink-0 flex flex-col relative items-end\"><div class=\"pt-0\"><div class=\"gizmo-bot-avatar flex h-8 w-8 items-center justify-center overflow-hidden rounded-full\"><div class=\"relative p-1 rounded-sm flex items-center justify-center bg-token-main-surface-primary text-token-text-primary h-8 w-8\"><div class=\"flex-shrink-0 flex flex-col relative items-end\"><div class=\"pt-0\"><div class=\"gizmo-bot-avatar flex h-8 w-8 items-center justify-center overflow-hidden rounded-full\"><div class=\"relative p-1 rounded-sm flex items-center justify-center bg-token-main-surface-primary text-token-text-primary h-8 w-8\"><p>Properly installed paving is not only aesthetically pleasing but also functional and weather-resistant. Paved surfaces last long and require minimal maintenance, making them ideal for driveways, garden paths, parking areas, and terraces. Our paving solutions are designed to withstand heavy loads while giving your property a neat and organized look.<\/p><hr \/><h3>Complete Paving Process<\/h3><p>We offer a comprehensive paving service cycle, from site preparation and ground leveling to precise paving installation and finishing. Each step is carefully executed to ensure an outstanding, long-lasting result:<\/p><ul><li><strong>Consultation and Design<\/strong> \u2013 We help you choose the most suitable paving type, color, and pattern that best fits your property and needs.<\/li><li><strong>Site Preparation and Leveling<\/strong> \u2013 We prepare the ground base to provide a stable, level foundation for the paving.<\/li><li><strong>Paving Installation and Finishing<\/strong> \u2013 We carry out precise and meticulous paving installation, adhering to all quality and durability standards to ensure a long-lasting surface.<\/li><\/ul><hr \/><h3>Why Choose Us?<\/h3><p>When you choose our paving services, you receive:<\/p><ul><li><strong>Professional Approach<\/strong> \u2013 We work with high precision and attention to detail to ensure a durable, high-quality result.<\/li><li><strong>Quality Materials and Long-Term Solutions<\/strong> \u2013 We use only tested, durable paving materials that can withstand intensive use and weather exposure.<\/li><li><strong>Customizable Design Solutions<\/strong> \u2013 We offer a wide selection of paving shapes, colors, and patterns to make your outdoor spaces aesthetically appealing and aligned with your style.<\/li><\/ul><p>Contact us for professional paving solutions that enhance your property\u2019s value and provide a comfortable, well-maintained outdoor space that will last for many years!<\/p><\/div><\/div><\/div><\/div><\/div><\/div><\/div><\/div><\/div><\/div><\/div><\/div>\t\t\t\t\t\t\t\t<\/div>\n\t\t\t\t<\/div>\n\t\t\t\t\t<\/div>\n\t\t\t\t<\/div>\n\t\t\t\t<div class=\"elementor-element elementor-element-47780bfe elementor-widget elementor-widget-button\" data-id=\"47780bfe\" data-element_type=\"widget\" data-e-type=\"widget\" data-widget_type=\"button.default\">\n\t\t\t\t<div class=\"elementor-widget-container\">\n\t\t\t\t\t\t\t\t\t<div class=\"elementor-button-wrapper\">\n\t\t\t\t\t<a class=\"elementor-button elementor-button-link elementor-size-sm\" href=\"https:\/\/jkbuve.lv\/en\/kontakti\">\n\t\t\t\t\t\t<span class=\"elementor-button-content-wrapper\">\n\t\t\t\t\t\t\t\t\t<span class=\"elementor-button-text\">contact us<\/span>\n\t\t\t\t\t<\/span>\n\t\t\t\t\t<\/a>\n\t\t\t\t<\/div>\n\t\t\t\t\t\t\t\t<\/div>\n\t\t\t\t<\/div>\n\t\t\t\t<\/div>\n\t\t\t\t\t<\/div>\n\t\t\t\t<\/div>\n\t\t<div class=\"elementor-element elementor-element-7f2431c3 e-flex e-con-boxed e-con e-parent\" data-id=\"7f2431c3\" data-element_type=\"container\" data-e-type=\"container\" data-settings=\"{&quot;background_background&quot;:&quot;classic&quot;}\">\n\t\t\t\t\t<div class=\"e-con-inner\">\n\t\t<div class=\"elementor-element elementor-element-6facc5ed e-con-full e-flex e-con e-child\" data-id=\"6facc5ed\" data-element_type=\"container\" data-e-type=\"container\">\n\t\t\t\t<div class=\"elementor-element elementor-element-592e5ec5 elementor-widget elementor-widget-heading\" data-id=\"592e5ec5\" data-element_type=\"widget\" data-e-type=\"widget\" data-widget_type=\"heading.default\">\n\t\t\t\t<div class=\"elementor-widget-container\">\n\t\t\t\t\t<h6 class=\"elementor-heading-title elementor-size-default\">Who we are<\/h6>\t\t\t\t<\/div>\n\t\t\t\t<\/div>\n\t\t\t\t<div class=\"elementor-element elementor-element-117b477e elementor-widget elementor-widget-heading\" data-id=\"117b477e\" data-element_type=\"widget\" data-e-type=\"widget\" data-widget_type=\"heading.default\">\n\t\t\t\t<div class=\"elementor-widget-container\">\n\t\t\t\t\t<h2 class=\"elementor-heading-title elementor-size-default\">About us<\/h2>\t\t\t\t<\/div>\n\t\t\t\t<\/div>\n\t\t\t\t<div class=\"elementor-element elementor-element-273115ed elementor-widget elementor-widget-text-editor\" data-id=\"273115ed\" data-element_type=\"widget\" data-e-type=\"widget\" data-widget_type=\"text-editor.default\">\n\t\t\t\t<div class=\"elementor-widget-container\">\n\t\t\t\t\t\t\t\t\t<p>We offer high-quality roof and facade works, finishing solutions and other construction services suitable for both private and industrial objects. Our team has extensive experience in both local and international projects, allowing us to guarantee high quality and sustainable results.<\/p><p>Our priority is customer wishes and an individual approach to each project. We carefully evaluate the needs of each client and provide recommendations to achieve a functional and aesthetically attractive result that meets modern construction standards. Regularly updating our knowledge of the latest technologies and materials allows us to offer solutions that are both durable and modern.<\/p><p>Trust and responsibility are the basis of our work, and we provide a guarantee for all our work. We believe that carefully done work and honest service are the basis for successful and long-term cooperation. If you want to know more about the services we offer or need advice, feel free to contact us &#8211; we are here to help make your dreams come true!<\/p>\t\t\t\t\t\t\t\t<\/div>\n\t\t\t\t<\/div>\n\t\t\t\t<div class=\"elementor-element elementor-element-1e85049a elementor-widget elementor-widget-button\" data-id=\"1e85049a\" data-element_type=\"widget\" data-e-type=\"widget\" data-widget_type=\"button.default\">\n\t\t\t\t<div class=\"elementor-widget-container\">\n\t\t\t\t\t\t\t\t\t<div class=\"elementor-button-wrapper\">\n\t\t\t\t\t<a class=\"elementor-button elementor-button-link elementor-size-sm\" href=\"https:\/\/jkbuve.lv\/en\/kontakti\">\n\t\t\t\t\t\t<span class=\"elementor-button-content-wrapper\">\n\t\t\t\t\t\t\t\t\t<span class=\"elementor-button-text\">contact us<\/span>\n\t\t\t\t\t<\/span>\n\t\t\t\t\t<\/a>\n\t\t\t\t<\/div>\n\t\t\t\t\t\t\t\t<\/div>\n\t\t\t\t<\/div>\n\t\t\t\t<\/div>\n\t\t<div class=\"elementor-element elementor-element-3f314719 e-con-full e-flex e-con e-child\" data-id=\"3f314719\" data-element_type=\"container\" data-e-type=\"container\">\n\t\t\t\t<div class=\"elementor-element elementor-element-1aa98cee elementor-widget elementor-widget-image\" data-id=\"1aa98cee\" data-element_type=\"widget\" data-e-type=\"widget\" data-widget_type=\"image.default\">\n\t\t\t\t<div class=\"elementor-widget-container\">\n\t\t\t\t\t\t\t\t\t\t\t\t\t\t\t<img fetchpriority=\"high\" decoding=\"async\" width=\"816\" height=\"612\" src=\"https:\/\/jkbuve.lv\/wp-content\/uploads\/2024\/11\/20150522_162356-816-x-612.jpg\" class=\"attachment-full size-full wp-image-125\" alt=\"\" srcset=\"https:\/\/jkbuve.lv\/wp-content\/uploads\/2024\/11\/20150522_162356-816-x-612.jpg 816w, https:\/\/jkbuve.lv\/wp-content\/uploads\/2024\/11\/20150522_162356-816-x-612-300x225.jpg 300w, https:\/\/jkbuve.lv\/wp-content\/uploads\/2024\/11\/20150522_162356-816-x-612-768x576.jpg 768w\" sizes=\"(max-width: 816px) 100vw, 816px\" \/>\t\t\t\t\t\t\t\t\t\t\t\t\t\t\t<\/div>\n\t\t\t\t<\/div>\n\t\t\t\t<div class=\"elementor-element elementor-element-1049a1a5 elementor-widget__width-initial elementor-absolute elementor-widget elementor-widget-image\" data-id=\"1049a1a5\" data-element_type=\"widget\" data-e-type=\"widget\" data-settings=\"{&quot;_position&quot;:&quot;absolute&quot;}\" data-widget_type=\"image.default\">\n\t\t\t\t<div class=\"elementor-widget-container\">\n\t\t\t\t\t\t\t\t\t\t\t\t\t\t\t<img decoding=\"async\" width=\"816\" height=\"612\" src=\"https:\/\/jkbuve.lv\/wp-content\/uploads\/2024\/11\/20150417_171439-816-x-612.jpg\" class=\"attachment-full size-full wp-image-126\" alt=\"\" srcset=\"https:\/\/jkbuve.lv\/wp-content\/uploads\/2024\/11\/20150417_171439-816-x-612.jpg 816w, https:\/\/jkbuve.lv\/wp-content\/uploads\/2024\/11\/20150417_171439-816-x-612-300x225.jpg 300w, https:\/\/jkbuve.lv\/wp-content\/uploads\/2024\/11\/20150417_171439-816-x-612-768x576.jpg 768w\" sizes=\"(max-width: 816px) 100vw, 816px\" \/>\t\t\t\t\t\t\t\t\t\t\t\t\t\t\t<\/div>\n\t\t\t\t<\/div>\n\t\t\t\t<\/div>\n\t\t\t\t\t<\/div>\n\t\t\t\t<\/div>\n\t\t<div class=\"elementor-element elementor-element-27138020 e-flex e-con-boxed e-con e-parent\" data-id=\"27138020\" data-element_type=\"container\" data-e-type=\"container\">\n\t\t\t\t\t<div class=\"e-con-inner\">\n\t\t\t\t\t<\/div>\n\t\t\t\t<\/div>\n\t\t\t\t<\/div>\n\t\t","protected":false},"excerpt":{"rendered":"<p>Paving Driveways and yard paving Home Paving About service Paving Properly installed paving is not only aesthetically pleasing but also functional and weather-resistant. Paved surfaces last long and require minimal maintenance, making them ideal for driveways, garden paths, parking areas, and terraces. Our paving solutions are designed to withstand heavy loads while giving your property [&hellip;]<\/p>\n","protected":false},"author":2,"featured_media":0,"parent":0,"menu_order":0,"comment_status":"closed","ping_status":"closed","template":"elementor_header_footer","meta":{"_joinchat":[],"footnotes":""},"class_list":["post-485","page","type-page","status-publish","hentry"],"yoast_head":"<!-- This site is optimized with the Yoast SEO plugin v27.5 - https:\/\/yoast.com\/product\/yoast-seo-wordpress\/ -->\n<title>Bru\u0123\u0113\u0161ana - Jkbuve<\/title>\n<meta name=\"robots\" content=\"index, follow, max-snippet:-1, max-image-preview:large, max-video-preview:-1\" \/>\n<link rel=\"canonical\" href=\"https:\/\/jkbuve.lv\/en\/brugesana\/\" \/>\n<meta property=\"og:locale\" content=\"en_US\" \/>\n<meta property=\"og:type\" content=\"article\" \/>\n<meta property=\"og:title\" content=\"Bru\u0123\u0113\u0161ana - Jkbuve\" \/>\n<meta property=\"og:description\" content=\"Paving Driveways and yard paving Home Paving About service Paving Properly installed paving is not only aesthetically pleasing but also functional and weather-resistant. Paved surfaces last long and require minimal maintenance, making them ideal for driveways, garden paths, parking areas, and terraces. Our paving solutions are designed to withstand heavy loads while giving your property [&hellip;]\" \/>\n<meta property=\"og:url\" content=\"https:\/\/jkbuve.lv\/en\/brugesana\/\" \/>\n<meta property=\"og:site_name\" content=\"Jkbuve\" \/>\n<meta property=\"article:publisher\" content=\"https:\/\/m.facebook.com\/JKbuve\/\" \/>\n<meta property=\"article:modified_time\" content=\"2024-11-02T14:44:14+00:00\" \/>\n<meta property=\"og:image\" content=\"https:\/\/jkbuve.lv\/wp-content\/uploads\/2024\/11\/20150522_162356-816-x-612.jpg\" \/>\n\t<meta property=\"og:image:width\" content=\"816\" \/>\n\t<meta property=\"og:image:height\" content=\"612\" \/>\n\t<meta property=\"og:image:type\" content=\"image\/jpeg\" \/>\n<meta name=\"twitter:card\" content=\"summary_large_image\" \/>\n<meta name=\"twitter:label1\" content=\"Est. reading time\" \/>\n\t<meta name=\"twitter:data1\" content=\"2 minutes\" \/>\n<script type=\"application\/ld+json\" class=\"yoast-schema-graph\">{\"@context\":\"https:\\\/\\\/schema.org\",\"@graph\":[{\"@type\":\"WebPage\",\"@id\":\"https:\\\/\\\/jkbuve.lv\\\/en\\\/brugesana\\\/\",\"url\":\"https:\\\/\\\/jkbuve.lv\\\/en\\\/brugesana\\\/\",\"name\":\"Bru\u0123\u0113\u0161ana - Jkbuve\",\"isPartOf\":{\"@id\":\"https:\\\/\\\/jkbuve.lv\\\/#website\"},\"primaryImageOfPage\":{\"@id\":\"https:\\\/\\\/jkbuve.lv\\\/en\\\/brugesana\\\/#primaryimage\"},\"image\":{\"@id\":\"https:\\\/\\\/jkbuve.lv\\\/en\\\/brugesana\\\/#primaryimage\"},\"thumbnailUrl\":\"https:\\\/\\\/jkbuve.lv\\\/wp-content\\\/uploads\\\/2024\\\/11\\\/20150522_162356-816-x-612.jpg\",\"datePublished\":\"2024-11-02T13:56:04+00:00\",\"dateModified\":\"2024-11-02T14:44:14+00:00\",\"breadcrumb\":{\"@id\":\"https:\\\/\\\/jkbuve.lv\\\/en\\\/brugesana\\\/#breadcrumb\"},\"inLanguage\":\"en-US\",\"potentialAction\":[{\"@type\":\"ReadAction\",\"target\":[\"https:\\\/\\\/jkbuve.lv\\\/en\\\/brugesana\\\/\"]}]},{\"@type\":\"ImageObject\",\"inLanguage\":\"en-US\",\"@id\":\"https:\\\/\\\/jkbuve.lv\\\/en\\\/brugesana\\\/#primaryimage\",\"url\":\"https:\\\/\\\/jkbuve.lv\\\/wp-content\\\/uploads\\\/2024\\\/11\\\/20150522_162356-816-x-612.jpg\",\"contentUrl\":\"https:\\\/\\\/jkbuve.lv\\\/wp-content\\\/uploads\\\/2024\\\/11\\\/20150522_162356-816-x-612.jpg\"},{\"@type\":\"BreadcrumbList\",\"@id\":\"https:\\\/\\\/jkbuve.lv\\\/en\\\/brugesana\\\/#breadcrumb\",\"itemListElement\":[{\"@type\":\"ListItem\",\"position\":1,\"name\":\"Home\",\"item\":\"https:\\\/\\\/jkbuve.lv\\\/en\\\/\"},{\"@type\":\"ListItem\",\"position\":2,\"name\":\"Bru\u0123\u0113\u0161ana\"}]},{\"@type\":\"WebSite\",\"@id\":\"https:\\\/\\\/jkbuve.lv\\\/#website\",\"url\":\"https:\\\/\\\/jkbuve.lv\\\/\",\"name\":\"JK B\u016bve\",\"description\":\"Kvalitat\u012bvi b\u016bvniec\u012bbas pakalpojumi\",\"publisher\":{\"@id\":\"https:\\\/\\\/jkbuve.lv\\\/#organization\"},\"potentialAction\":[{\"@type\":\"SearchAction\",\"target\":{\"@type\":\"EntryPoint\",\"urlTemplate\":\"https:\\\/\\\/jkbuve.lv\\\/?s={search_term_string}\"},\"query-input\":{\"@type\":\"PropertyValueSpecification\",\"valueRequired\":true,\"valueName\":\"search_term_string\"}}],\"inLanguage\":\"en-US\"},{\"@type\":\"Organization\",\"@id\":\"https:\\\/\\\/jkbuve.lv\\\/#organization\",\"name\":\"JK B\u016bve\",\"url\":\"https:\\\/\\\/jkbuve.lv\\\/\",\"logo\":{\"@type\":\"ImageObject\",\"inLanguage\":\"en-US\",\"@id\":\"https:\\\/\\\/jkbuve.lv\\\/#\\\/schema\\\/logo\\\/image\\\/\",\"url\":\"https:\\\/\\\/jkbuve.lv\\\/wp-content\\\/uploads\\\/2024\\\/11\\\/logo-jk.fw_.png\",\"contentUrl\":\"https:\\\/\\\/jkbuve.lv\\\/wp-content\\\/uploads\\\/2024\\\/11\\\/logo-jk.fw_.png\",\"width\":5477,\"height\":3036,\"caption\":\"JK B\u016bve\"},\"image\":{\"@id\":\"https:\\\/\\\/jkbuve.lv\\\/#\\\/schema\\\/logo\\\/image\\\/\"},\"sameAs\":[\"https:\\\/\\\/m.facebook.com\\\/JKbuve\\\/\",\"https:\\\/\\\/www.tiktok.com\\\/@jkbuve\",\"https:\\\/\\\/www.instagram.com\\\/jkbuve\"]}]}<\/script>\n<!-- \/ Yoast SEO plugin. -->","yoast_head_json":{"title":"Bru\u0123\u0113\u0161ana - Jkbuve","robots":{"index":"index","follow":"follow","max-snippet":"max-snippet:-1","max-image-preview":"max-image-preview:large","max-video-preview":"max-video-preview:-1"},"canonical":"https:\/\/jkbuve.lv\/en\/brugesana\/","og_locale":"en_US","og_type":"article","og_title":"Bru\u0123\u0113\u0161ana - Jkbuve","og_description":"Paving Driveways and yard paving Home Paving About service Paving Properly installed paving is not only aesthetically pleasing but also functional and weather-resistant. Paved surfaces last long and require minimal maintenance, making them ideal for driveways, garden paths, parking areas, and terraces. Our paving solutions are designed to withstand heavy loads while giving your property [&hellip;]","og_url":"https:\/\/jkbuve.lv\/en\/brugesana\/","og_site_name":"Jkbuve","article_publisher":"https:\/\/m.facebook.com\/JKbuve\/","article_modified_time":"2024-11-02T14:44:14+00:00","og_image":[{"width":816,"height":612,"url":"https:\/\/jkbuve.lv\/wp-content\/uploads\/2024\/11\/20150522_162356-816-x-612.jpg","type":"image\/jpeg"}],"twitter_card":"summary_large_image","twitter_misc":{"Est. reading time":"2 minutes"},"schema":{"@context":"https:\/\/schema.org","@graph":[{"@type":"WebPage","@id":"https:\/\/jkbuve.lv\/en\/brugesana\/","url":"https:\/\/jkbuve.lv\/en\/brugesana\/","name":"Bru\u0123\u0113\u0161ana - Jkbuve","isPartOf":{"@id":"https:\/\/jkbuve.lv\/#website"},"primaryImageOfPage":{"@id":"https:\/\/jkbuve.lv\/en\/brugesana\/#primaryimage"},"image":{"@id":"https:\/\/jkbuve.lv\/en\/brugesana\/#primaryimage"},"thumbnailUrl":"https:\/\/jkbuve.lv\/wp-content\/uploads\/2024\/11\/20150522_162356-816-x-612.jpg","datePublished":"2024-11-02T13:56:04+00:00","dateModified":"2024-11-02T14:44:14+00:00","breadcrumb":{"@id":"https:\/\/jkbuve.lv\/en\/brugesana\/#breadcrumb"},"inLanguage":"en-US","potentialAction":[{"@type":"ReadAction","target":["https:\/\/jkbuve.lv\/en\/brugesana\/"]}]},{"@type":"ImageObject","inLanguage":"en-US","@id":"https:\/\/jkbuve.lv\/en\/brugesana\/#primaryimage","url":"https:\/\/jkbuve.lv\/wp-content\/uploads\/2024\/11\/20150522_162356-816-x-612.jpg","contentUrl":"https:\/\/jkbuve.lv\/wp-content\/uploads\/2024\/11\/20150522_162356-816-x-612.jpg"},{"@type":"BreadcrumbList","@id":"https:\/\/jkbuve.lv\/en\/brugesana\/#breadcrumb","itemListElement":[{"@type":"ListItem","position":1,"name":"Home","item":"https:\/\/jkbuve.lv\/en\/"},{"@type":"ListItem","position":2,"name":"Bru\u0123\u0113\u0161ana"}]},{"@type":"WebSite","@id":"https:\/\/jkbuve.lv\/#website","url":"https:\/\/jkbuve.lv\/","name":"JK B\u016bve","description":"Kvalitat\u012bvi b\u016bvniec\u012bbas pakalpojumi","publisher":{"@id":"https:\/\/jkbuve.lv\/#organization"},"potentialAction":[{"@type":"SearchAction","target":{"@type":"EntryPoint","urlTemplate":"https:\/\/jkbuve.lv\/?s={search_term_string}"},"query-input":{"@type":"PropertyValueSpecification","valueRequired":true,"valueName":"search_term_string"}}],"inLanguage":"en-US"},{"@type":"Organization","@id":"https:\/\/jkbuve.lv\/#organization","name":"JK B\u016bve","url":"https:\/\/jkbuve.lv\/","logo":{"@type":"ImageObject","inLanguage":"en-US","@id":"https:\/\/jkbuve.lv\/#\/schema\/logo\/image\/","url":"https:\/\/jkbuve.lv\/wp-content\/uploads\/2024\/11\/logo-jk.fw_.png","contentUrl":"https:\/\/jkbuve.lv\/wp-content\/uploads\/2024\/11\/logo-jk.fw_.png","width":5477,"height":3036,"caption":"JK B\u016bve"},"image":{"@id":"https:\/\/jkbuve.lv\/#\/schema\/logo\/image\/"},"sameAs":["https:\/\/m.facebook.com\/JKbuve\/","https:\/\/www.tiktok.com\/@jkbuve","https:\/\/www.instagram.com\/jkbuve"]}]}},"_links":{"self":[{"href":"https:\/\/jkbuve.lv\/en\/wp-json\/wp\/v2\/pages\/485","targetHints":{"allow":["GET"]}}],"collection":[{"href":"https:\/\/jkbuve.lv\/en\/wp-json\/wp\/v2\/pages"}],"about":[{"href":"https:\/\/jkbuve.lv\/en\/wp-json\/wp\/v2\/types\/page"}],"author":[{"embeddable":true,"href":"https:\/\/jkbuve.lv\/en\/wp-json\/wp\/v2\/users\/2"}],"replies":[{"embeddable":true,"href":"https:\/\/jkbuve.lv\/en\/wp-json\/wp\/v2\/comments?post=485"}],"version-history":[{"count":4,"href":"https:\/\/jkbuve.lv\/en\/wp-json\/wp\/v2\/pages\/485\/revisions"}],"predecessor-version":[{"id":489,"href":"https:\/\/jkbuve.lv\/en\/wp-json\/wp\/v2\/pages\/485\/revisions\/489"}],"wp:attachment":[{"href":"https:\/\/jkbuve.lv\/en\/wp-json\/wp\/v2\/media?parent=485"}],"curies":[{"name":"wp","href":"https:\/\/api.w.org\/{rel}","templated":true}]}}