{"id":545,"date":"2024-11-02T15:13:46","date_gmt":"2024-11-02T15:13:46","guid":{"rendered":"https:\/\/jkbuve.lv\/?page_id=545"},"modified":"2024-11-02T15:15:30","modified_gmt":"2024-11-02T15:15:30","slug":"muresana","status":"publish","type":"page","link":"https:\/\/jkbuve.lv\/en\/muresana\/","title":{"rendered":"M\u016br\u0113\u0161ana"},"content":{"rendered":"\t\t<div data-elementor-type=\"wp-page\" data-elementor-id=\"545\" class=\"elementor elementor-545 elementor-539\" data-elementor-post-type=\"page\">\n\t\t\t\t<div class=\"elementor-element elementor-element-5a339f97 e-flex e-con-boxed e-con e-parent\" data-id=\"5a339f97\" data-element_type=\"container\" data-e-type=\"container\" data-settings=\"{&quot;background_background&quot;:&quot;classic&quot;}\">\n\t\t\t\t\t<div class=\"e-con-inner\">\n\t\t<div class=\"elementor-element elementor-element-12d39024 e-con-full e-flex e-con e-child\" data-id=\"12d39024\" data-element_type=\"container\" data-e-type=\"container\">\n\t\t\t\t<div class=\"elementor-element elementor-element-65828810 elementor-invisible elementor-widget elementor-widget-heading\" data-id=\"65828810\" data-element_type=\"widget\" data-e-type=\"widget\" data-settings=\"{&quot;_animation&quot;:&quot;slideInLeft&quot;}\" data-widget_type=\"heading.default\">\n\t\t\t\t<div class=\"elementor-widget-container\">\n\t\t\t\t\t<h1 class=\"elementor-heading-title elementor-size-default\">Masonry<\/h1>\t\t\t\t<\/div>\n\t\t\t\t<\/div>\n\t\t<div class=\"elementor-element elementor-element-5a06c965 e-con-full e-flex e-con e-child\" data-id=\"5a06c965\" data-element_type=\"container\" data-e-type=\"container\">\n\t\t\t\t<div class=\"elementor-element elementor-element-3e8d4538 elementor-widget-divider--view-line elementor-invisible elementor-widget elementor-widget-divider\" data-id=\"3e8d4538\" data-element_type=\"widget\" data-e-type=\"widget\" data-settings=\"{&quot;_animation&quot;:&quot;slideInLeft&quot;,&quot;_animation_delay&quot;:300}\" data-widget_type=\"divider.default\">\n\t\t\t\t<div class=\"elementor-widget-container\">\n\t\t\t\t\t\t\t<div class=\"elementor-divider\">\n\t\t\t<span class=\"elementor-divider-separator\">\n\t\t\t\t\t\t<\/span>\n\t\t<\/div>\n\t\t\t\t\t\t<\/div>\n\t\t\t\t<\/div>\n\t\t\t\t<div class=\"elementor-element elementor-element-34ab43a8 elementor-icon-list--layout-inline elementor-mobile-align-center elementor-list-item-link-full_width elementor-invisible elementor-widget elementor-widget-icon-list\" data-id=\"34ab43a8\" data-element_type=\"widget\" data-e-type=\"widget\" data-settings=\"{&quot;_animation&quot;:&quot;slideInLeft&quot;,&quot;_animation_delay&quot;:300}\" data-widget_type=\"icon-list.default\">\n\t\t\t\t<div class=\"elementor-widget-container\">\n\t\t\t\t\t\t\t<ul class=\"elementor-icon-list-items elementor-inline-items\">\n\t\t\t\t\t\t\t<li class=\"elementor-icon-list-item elementor-inline-item\">\n\t\t\t\t\t\t\t\t\t\t\t<a href=\"#\">\n\n\t\t\t\t\t\t\t\t\t\t\t<span class=\"elementor-icon-list-text\">Home<\/span>\n\t\t\t\t\t\t\t\t\t\t\t<\/a>\n\t\t\t\t\t\t\t\t\t<\/li>\n\t\t\t\t\t\t\t\t<li class=\"elementor-icon-list-item elementor-inline-item\">\n\t\t\t\t\t\t\t\t\t\t\t<a href=\"#\">\n\n\t\t\t\t\t\t\t\t\t\t\t\t<span class=\"elementor-icon-list-icon\">\n\t\t\t\t\t\t\t<svg aria-hidden=\"true\" class=\"e-font-icon-svg e-fas-chevron-right\" viewBox=\"0 0 320 512\" xmlns=\"http:\/\/www.w3.org\/2000\/svg\"><path d=\"M285.476 272.971L91.132 467.314c-9.373 9.373-24.569 9.373-33.941 0l-22.667-22.667c-9.357-9.357-9.375-24.522-.04-33.901L188.505 256 34.484 101.255c-9.335-9.379-9.317-24.544.04-33.901l22.667-22.667c9.373-9.373 24.569-9.373 33.941 0L285.475 239.03c9.373 9.372 9.373 24.568.001 33.941z\"><\/path><\/svg>\t\t\t\t\t\t<\/span>\n\t\t\t\t\t\t\t\t\t\t<span class=\"elementor-icon-list-text\">Masonry<\/span>\n\t\t\t\t\t\t\t\t\t\t\t<\/a>\n\t\t\t\t\t\t\t\t\t<\/li>\n\t\t\t\t\t\t<\/ul>\n\t\t\t\t\t\t<\/div>\n\t\t\t\t<\/div>\n\t\t\t\t<\/div>\n\t\t\t\t<\/div>\n\t\t\t\t\t<\/div>\n\t\t\t\t<\/div>\n\t\t<div class=\"elementor-element elementor-element-6f883808 e-flex e-con-boxed e-con e-parent\" data-id=\"6f883808\" data-element_type=\"container\" data-e-type=\"container\" data-settings=\"{&quot;background_background&quot;:&quot;classic&quot;}\">\n\t\t\t\t\t<div class=\"e-con-inner\">\n\t\t<div class=\"elementor-element elementor-element-72ef8a6b e-con-full e-flex e-con e-child\" data-id=\"72ef8a6b\" data-element_type=\"container\" data-e-type=\"container\">\n\t\t\t\t<div class=\"elementor-element elementor-element-1f167f80 elementor-widget elementor-widget-heading\" data-id=\"1f167f80\" data-element_type=\"widget\" data-e-type=\"widget\" data-widget_type=\"heading.default\">\n\t\t\t\t<div class=\"elementor-widget-container\">\n\t\t\t\t\t<h6 class=\"elementor-heading-title elementor-size-default\">About service<\/h6>\t\t\t\t<\/div>\n\t\t\t\t<\/div>\n\t\t\t\t<div class=\"elementor-element elementor-element-52b6ddbf elementor-widget elementor-widget-heading\" data-id=\"52b6ddbf\" data-element_type=\"widget\" data-e-type=\"widget\" data-widget_type=\"heading.default\">\n\t\t\t\t<div class=\"elementor-widget-container\">\n\t\t\t\t\t<h2 class=\"elementor-heading-title elementor-size-default\">Masonry<\/h2>\t\t\t\t<\/div>\n\t\t\t\t<\/div>\n\t\t<div class=\"elementor-element elementor-element-8e25498 e-flex e-con-boxed e-con e-child\" data-id=\"8e25498\" data-element_type=\"container\" data-e-type=\"container\">\n\t\t\t\t\t<div class=\"e-con-inner\">\n\t\t\t\t<div class=\"elementor-element elementor-element-187a217a elementor-widget elementor-widget-text-editor\" data-id=\"187a217a\" data-element_type=\"widget\" data-e-type=\"widget\" data-widget_type=\"text-editor.default\">\n\t\t\t\t<div class=\"elementor-widget-container\">\n\t\t\t\t\t\t\t\t\t<div class=\"flex-shrink-0 flex flex-col relative items-end\"><div class=\"pt-0\"><div class=\"gizmo-bot-avatar flex h-8 w-8 items-center justify-center overflow-hidden rounded-full\"><div class=\"relative p-1 rounded-sm flex items-center justify-center bg-token-main-surface-primary text-token-text-primary h-8 w-8\"><div class=\"flex-shrink-0 flex flex-col relative items-end\"><div class=\"pt-0\"><div class=\"gizmo-bot-avatar flex h-8 w-8 items-center justify-center overflow-hidden rounded-full\"><div class=\"relative p-1 rounded-sm flex items-center justify-center bg-token-main-surface-primary text-token-text-primary h-8 w-8\"><div class=\"flex-shrink-0 flex flex-col relative items-end\"><div class=\"pt-0\"><div class=\"gizmo-bot-avatar flex h-8 w-8 items-center justify-center overflow-hidden rounded-full\"><div class=\"relative p-1 rounded-sm flex items-center justify-center bg-token-main-surface-primary text-token-text-primary h-8 w-8\"><div class=\"flex-shrink-0 flex flex-col relative items-end\"><div><div class=\"pt-0\"><div class=\"gizmo-bot-avatar flex h-8 w-8 items-center justify-center overflow-hidden rounded-full\"><div class=\"relative p-1 rounded-sm flex items-center justify-center bg-token-main-surface-primary text-token-text-primary h-8 w-8\">\u00a0<\/div><\/div><\/div><\/div><\/div><div class=\"group\/conversation-turn relative flex w-full min-w-0 flex-col agent-turn\"><div class=\"flex-col gap-1 md:gap-3\"><div class=\"flex max-w-full flex-col flex-grow\"><div class=\"min-h-8 text-message flex w-full flex-col items-end gap-2 whitespace-normal break-words [.text-message+&amp;]:mt-5\" dir=\"auto\" data-message-author-role=\"assistant\" data-message-id=\"620c19da-fffe-4f82-a4a5-e021f66d4ebd\" data-message-model-slug=\"gpt-4o\"><div class=\"flex w-full flex-col gap-1 empty:hidden first:pt-[3px]\"><div class=\"markdown prose w-full break-words dark:prose-invert light\"><p>Our masonry services provide high-quality and professional solutions for a variety of construction projects, from wall and foundation building to decorative masonry. With extensive experience in the field, our craftsmen guarantee precise and durable results that will last for years. We use only high-quality materials and modern masonry techniques to ensure both the stability of the structure and an attractive appearance.<\/p><p>Our masonry services are suitable for new projects as well as renovation of existing structures. We offer foundation and wall masonry, which forms a sturdy base for any building, as well as decorative masonry that adds aesthetic value and unique style to the space. If needed, we also provide fireplace and stove masonry, enhancing your home with warmth and a special ambiance.<\/p><p>By choosing our masonry services, you gain a reliable partner who works with the highest sense of responsibility and offers a personalized approach to each project. Contact us to learn more about our masonry solutions and bring strength, elegance, and sustainability to your project!<\/p><\/div><\/div><\/div><\/div><\/div><\/div><\/div><\/div><\/div><\/div><\/div><\/div><\/div><\/div><\/div><\/div><\/div><\/div>\t\t\t\t\t\t\t\t<\/div>\n\t\t\t\t<\/div>\n\t\t\t\t\t<\/div>\n\t\t\t\t<\/div>\n\t\t\t\t<div class=\"elementor-element elementor-element-575105df elementor-widget elementor-widget-button\" data-id=\"575105df\" data-element_type=\"widget\" data-e-type=\"widget\" data-widget_type=\"button.default\">\n\t\t\t\t<div class=\"elementor-widget-container\">\n\t\t\t\t\t\t\t\t\t<div class=\"elementor-button-wrapper\">\n\t\t\t\t\t<a class=\"elementor-button elementor-button-link elementor-size-sm\" href=\"https:\/\/jkbuve.lv\/en\/kontakti\">\n\t\t\t\t\t\t<span class=\"elementor-button-content-wrapper\">\n\t\t\t\t\t\t\t\t\t<span class=\"elementor-button-text\">contact us<\/span>\n\t\t\t\t\t<\/span>\n\t\t\t\t\t<\/a>\n\t\t\t\t<\/div>\n\t\t\t\t\t\t\t\t<\/div>\n\t\t\t\t<\/div>\n\t\t\t\t<\/div>\n\t\t\t\t\t<\/div>\n\t\t\t\t<\/div>\n\t\t<div class=\"elementor-element elementor-element-1d75864b e-flex e-con-boxed e-con e-parent\" data-id=\"1d75864b\" data-element_type=\"container\" data-e-type=\"container\" data-settings=\"{&quot;background_background&quot;:&quot;classic&quot;}\">\n\t\t\t\t\t<div class=\"e-con-inner\">\n\t\t<div class=\"elementor-element elementor-element-545727a2 e-con-full e-flex e-con e-child\" data-id=\"545727a2\" data-element_type=\"container\" data-e-type=\"container\">\n\t\t\t\t<div class=\"elementor-element elementor-element-5f35f4a3 elementor-widget elementor-widget-heading\" data-id=\"5f35f4a3\" data-element_type=\"widget\" data-e-type=\"widget\" data-widget_type=\"heading.default\">\n\t\t\t\t<div class=\"elementor-widget-container\">\n\t\t\t\t\t<h6 class=\"elementor-heading-title elementor-size-default\">Who we are<\/h6>\t\t\t\t<\/div>\n\t\t\t\t<\/div>\n\t\t\t\t<div class=\"elementor-element elementor-element-18f1ca elementor-widget elementor-widget-heading\" data-id=\"18f1ca\" data-element_type=\"widget\" data-e-type=\"widget\" data-widget_type=\"heading.default\">\n\t\t\t\t<div class=\"elementor-widget-container\">\n\t\t\t\t\t<h2 class=\"elementor-heading-title elementor-size-default\">About us<\/h2>\t\t\t\t<\/div>\n\t\t\t\t<\/div>\n\t\t\t\t<div class=\"elementor-element elementor-element-1341360 elementor-widget elementor-widget-text-editor\" data-id=\"1341360\" data-element_type=\"widget\" data-e-type=\"widget\" data-widget_type=\"text-editor.default\">\n\t\t\t\t<div class=\"elementor-widget-container\">\n\t\t\t\t\t\t\t\t\t<p>We offer high-quality roof and facade works, finishing solutions and other construction services suitable for both private and industrial objects. Our team has extensive experience in both local and international projects, allowing us to guarantee high quality and sustainable results.<\/p><p>Our priority is customer wishes and an individual approach to each project. We carefully evaluate the needs of each client and provide recommendations to achieve a functional and aesthetically attractive result that meets modern construction standards. Regularly updating our knowledge of the latest technologies and materials allows us to offer solutions that are both durable and modern.<\/p><p>Trust and responsibility are the basis of our work, and we provide a guarantee for all our work. We believe that carefully done work and honest service are the basis for successful and long-term cooperation. If you want to know more about the services we offer or need advice, feel free to contact us &#8211; we are here to help make your dreams come true!<\/p>\t\t\t\t\t\t\t\t<\/div>\n\t\t\t\t<\/div>\n\t\t\t\t<div class=\"elementor-element elementor-element-50c4aece elementor-widget elementor-widget-button\" data-id=\"50c4aece\" data-element_type=\"widget\" data-e-type=\"widget\" data-widget_type=\"button.default\">\n\t\t\t\t<div class=\"elementor-widget-container\">\n\t\t\t\t\t\t\t\t\t<div class=\"elementor-button-wrapper\">\n\t\t\t\t\t<a class=\"elementor-button elementor-button-link elementor-size-sm\" href=\"https:\/\/jkbuve.lv\/en\/kontakti\">\n\t\t\t\t\t\t<span class=\"elementor-button-content-wrapper\">\n\t\t\t\t\t\t\t\t\t<span class=\"elementor-button-text\">contact us<\/span>\n\t\t\t\t\t<\/span>\n\t\t\t\t\t<\/a>\n\t\t\t\t<\/div>\n\t\t\t\t\t\t\t\t<\/div>\n\t\t\t\t<\/div>\n\t\t\t\t<\/div>\n\t\t<div class=\"elementor-element elementor-element-33a90aca e-con-full e-flex e-con e-child\" data-id=\"33a90aca\" data-element_type=\"container\" data-e-type=\"container\">\n\t\t\t\t<div class=\"elementor-element elementor-element-164e11de elementor-widget elementor-widget-image\" data-id=\"164e11de\" data-element_type=\"widget\" data-e-type=\"widget\" data-widget_type=\"image.default\">\n\t\t\t\t<div class=\"elementor-widget-container\">\n\t\t\t\t\t\t\t\t\t\t\t\t\t\t\t<img fetchpriority=\"high\" decoding=\"async\" width=\"816\" height=\"612\" src=\"https:\/\/jkbuve.lv\/wp-content\/uploads\/2024\/11\/20150522_162356-816-x-612.jpg\" class=\"attachment-full size-full wp-image-125\" alt=\"\" srcset=\"https:\/\/jkbuve.lv\/wp-content\/uploads\/2024\/11\/20150522_162356-816-x-612.jpg 816w, https:\/\/jkbuve.lv\/wp-content\/uploads\/2024\/11\/20150522_162356-816-x-612-300x225.jpg 300w, https:\/\/jkbuve.lv\/wp-content\/uploads\/2024\/11\/20150522_162356-816-x-612-768x576.jpg 768w\" sizes=\"(max-width: 816px) 100vw, 816px\" \/>\t\t\t\t\t\t\t\t\t\t\t\t\t\t\t<\/div>\n\t\t\t\t<\/div>\n\t\t\t\t<div class=\"elementor-element elementor-element-c32c8b5 elementor-widget__width-initial elementor-absolute elementor-widget elementor-widget-image\" data-id=\"c32c8b5\" data-element_type=\"widget\" data-e-type=\"widget\" data-settings=\"{&quot;_position&quot;:&quot;absolute&quot;}\" data-widget_type=\"image.default\">\n\t\t\t\t<div class=\"elementor-widget-container\">\n\t\t\t\t\t\t\t\t\t\t\t\t\t\t\t<img decoding=\"async\" width=\"816\" height=\"612\" src=\"https:\/\/jkbuve.lv\/wp-content\/uploads\/2024\/11\/20150417_171439-816-x-612.jpg\" class=\"attachment-full size-full wp-image-126\" alt=\"\" srcset=\"https:\/\/jkbuve.lv\/wp-content\/uploads\/2024\/11\/20150417_171439-816-x-612.jpg 816w, https:\/\/jkbuve.lv\/wp-content\/uploads\/2024\/11\/20150417_171439-816-x-612-300x225.jpg 300w, https:\/\/jkbuve.lv\/wp-content\/uploads\/2024\/11\/20150417_171439-816-x-612-768x576.jpg 768w\" sizes=\"(max-width: 816px) 100vw, 816px\" \/>\t\t\t\t\t\t\t\t\t\t\t\t\t\t\t<\/div>\n\t\t\t\t<\/div>\n\t\t\t\t<\/div>\n\t\t\t\t\t<\/div>\n\t\t\t\t<\/div>\n\t\t<div class=\"elementor-element elementor-element-5f4c40f8 e-flex e-con-boxed e-con e-parent\" data-id=\"5f4c40f8\" data-element_type=\"container\" data-e-type=\"container\">\n\t\t\t\t\t<div class=\"e-con-inner\">\n\t\t\t\t\t<\/div>\n\t\t\t\t<\/div>\n\t\t\t\t<\/div>\n\t\t","protected":false},"excerpt":{"rendered":"<p>Masonry Home Masonry About service Masonry \u00a0 Our masonry services provide high-quality and professional solutions for a variety of construction projects, from wall and foundation building to decorative masonry. With extensive experience in the field, our craftsmen guarantee precise and durable results that will last for years. We use only high-quality materials and modern masonry [&hellip;]<\/p>\n","protected":false},"author":2,"featured_media":0,"parent":0,"menu_order":0,"comment_status":"closed","ping_status":"closed","template":"elementor_header_footer","meta":{"_joinchat":[],"footnotes":""},"class_list":["post-545","page","type-page","status-publish","hentry"],"yoast_head":"<!-- This site is optimized with the Yoast SEO plugin v27.5 - https:\/\/yoast.com\/product\/yoast-seo-wordpress\/ -->\n<title>M\u016br\u0113\u0161ana - Jkbuve<\/title>\n<meta name=\"robots\" content=\"index, follow, max-snippet:-1, max-image-preview:large, max-video-preview:-1\" \/>\n<link rel=\"canonical\" href=\"https:\/\/jkbuve.lv\/en\/muresana\/\" \/>\n<meta property=\"og:locale\" content=\"en_US\" \/>\n<meta property=\"og:type\" content=\"article\" \/>\n<meta property=\"og:title\" content=\"M\u016br\u0113\u0161ana - Jkbuve\" \/>\n<meta property=\"og:description\" content=\"Masonry Home Masonry About service Masonry \u00a0 Our masonry services provide high-quality and professional solutions for a variety of construction projects, from wall and foundation building to decorative masonry. With extensive experience in the field, our craftsmen guarantee precise and durable results that will last for years. We use only high-quality materials and modern masonry [&hellip;]\" \/>\n<meta property=\"og:url\" content=\"https:\/\/jkbuve.lv\/en\/muresana\/\" \/>\n<meta property=\"og:site_name\" content=\"Jkbuve\" \/>\n<meta property=\"article:publisher\" content=\"https:\/\/m.facebook.com\/JKbuve\/\" \/>\n<meta property=\"article:modified_time\" content=\"2024-11-02T15:15:30+00:00\" \/>\n<meta property=\"og:image\" content=\"https:\/\/jkbuve.lv\/wp-content\/uploads\/2024\/11\/20150522_162356-816-x-612.jpg\" \/>\n\t<meta property=\"og:image:width\" content=\"816\" \/>\n\t<meta property=\"og:image:height\" content=\"612\" \/>\n\t<meta property=\"og:image:type\" content=\"image\/jpeg\" \/>\n<meta name=\"twitter:card\" content=\"summary_large_image\" \/>\n<meta name=\"twitter:label1\" content=\"Est. reading time\" \/>\n\t<meta name=\"twitter:data1\" content=\"2 minutes\" \/>\n<script type=\"application\/ld+json\" class=\"yoast-schema-graph\">{\"@context\":\"https:\\\/\\\/schema.org\",\"@graph\":[{\"@type\":\"WebPage\",\"@id\":\"https:\\\/\\\/jkbuve.lv\\\/en\\\/muresana\\\/\",\"url\":\"https:\\\/\\\/jkbuve.lv\\\/en\\\/muresana\\\/\",\"name\":\"M\u016br\u0113\u0161ana - Jkbuve\",\"isPartOf\":{\"@id\":\"https:\\\/\\\/jkbuve.lv\\\/#website\"},\"primaryImageOfPage\":{\"@id\":\"https:\\\/\\\/jkbuve.lv\\\/en\\\/muresana\\\/#primaryimage\"},\"image\":{\"@id\":\"https:\\\/\\\/jkbuve.lv\\\/en\\\/muresana\\\/#primaryimage\"},\"thumbnailUrl\":\"https:\\\/\\\/jkbuve.lv\\\/wp-content\\\/uploads\\\/2024\\\/11\\\/20150522_162356-816-x-612.jpg\",\"datePublished\":\"2024-11-02T15:13:46+00:00\",\"dateModified\":\"2024-11-02T15:15:30+00:00\",\"breadcrumb\":{\"@id\":\"https:\\\/\\\/jkbuve.lv\\\/en\\\/muresana\\\/#breadcrumb\"},\"inLanguage\":\"en-US\",\"potentialAction\":[{\"@type\":\"ReadAction\",\"target\":[\"https:\\\/\\\/jkbuve.lv\\\/en\\\/muresana\\\/\"]}]},{\"@type\":\"ImageObject\",\"inLanguage\":\"en-US\",\"@id\":\"https:\\\/\\\/jkbuve.lv\\\/en\\\/muresana\\\/#primaryimage\",\"url\":\"https:\\\/\\\/jkbuve.lv\\\/wp-content\\\/uploads\\\/2024\\\/11\\\/20150522_162356-816-x-612.jpg\",\"contentUrl\":\"https:\\\/\\\/jkbuve.lv\\\/wp-content\\\/uploads\\\/2024\\\/11\\\/20150522_162356-816-x-612.jpg\"},{\"@type\":\"BreadcrumbList\",\"@id\":\"https:\\\/\\\/jkbuve.lv\\\/en\\\/muresana\\\/#breadcrumb\",\"itemListElement\":[{\"@type\":\"ListItem\",\"position\":1,\"name\":\"Home\",\"item\":\"https:\\\/\\\/jkbuve.lv\\\/en\\\/\"},{\"@type\":\"ListItem\",\"position\":2,\"name\":\"M\u016br\u0113\u0161ana\"}]},{\"@type\":\"WebSite\",\"@id\":\"https:\\\/\\\/jkbuve.lv\\\/#website\",\"url\":\"https:\\\/\\\/jkbuve.lv\\\/\",\"name\":\"JK B\u016bve\",\"description\":\"Kvalitat\u012bvi b\u016bvniec\u012bbas pakalpojumi\",\"publisher\":{\"@id\":\"https:\\\/\\\/jkbuve.lv\\\/#organization\"},\"potentialAction\":[{\"@type\":\"SearchAction\",\"target\":{\"@type\":\"EntryPoint\",\"urlTemplate\":\"https:\\\/\\\/jkbuve.lv\\\/?s={search_term_string}\"},\"query-input\":{\"@type\":\"PropertyValueSpecification\",\"valueRequired\":true,\"valueName\":\"search_term_string\"}}],\"inLanguage\":\"en-US\"},{\"@type\":\"Organization\",\"@id\":\"https:\\\/\\\/jkbuve.lv\\\/#organization\",\"name\":\"JK B\u016bve\",\"url\":\"https:\\\/\\\/jkbuve.lv\\\/\",\"logo\":{\"@type\":\"ImageObject\",\"inLanguage\":\"en-US\",\"@id\":\"https:\\\/\\\/jkbuve.lv\\\/#\\\/schema\\\/logo\\\/image\\\/\",\"url\":\"https:\\\/\\\/jkbuve.lv\\\/wp-content\\\/uploads\\\/2024\\\/11\\\/logo-jk.fw_.png\",\"contentUrl\":\"https:\\\/\\\/jkbuve.lv\\\/wp-content\\\/uploads\\\/2024\\\/11\\\/logo-jk.fw_.png\",\"width\":5477,\"height\":3036,\"caption\":\"JK B\u016bve\"},\"image\":{\"@id\":\"https:\\\/\\\/jkbuve.lv\\\/#\\\/schema\\\/logo\\\/image\\\/\"},\"sameAs\":[\"https:\\\/\\\/m.facebook.com\\\/JKbuve\\\/\",\"https:\\\/\\\/www.tiktok.com\\\/@jkbuve\",\"https:\\\/\\\/www.instagram.com\\\/jkbuve\"]}]}<\/script>\n<!-- \/ Yoast SEO plugin. -->","yoast_head_json":{"title":"M\u016br\u0113\u0161ana - Jkbuve","robots":{"index":"index","follow":"follow","max-snippet":"max-snippet:-1","max-image-preview":"max-image-preview:large","max-video-preview":"max-video-preview:-1"},"canonical":"https:\/\/jkbuve.lv\/en\/muresana\/","og_locale":"en_US","og_type":"article","og_title":"M\u016br\u0113\u0161ana - Jkbuve","og_description":"Masonry Home Masonry About service Masonry \u00a0 Our masonry services provide high-quality and professional solutions for a variety of construction projects, from wall and foundation building to decorative masonry. With extensive experience in the field, our craftsmen guarantee precise and durable results that will last for years. We use only high-quality materials and modern masonry [&hellip;]","og_url":"https:\/\/jkbuve.lv\/en\/muresana\/","og_site_name":"Jkbuve","article_publisher":"https:\/\/m.facebook.com\/JKbuve\/","article_modified_time":"2024-11-02T15:15:30+00:00","og_image":[{"width":816,"height":612,"url":"https:\/\/jkbuve.lv\/wp-content\/uploads\/2024\/11\/20150522_162356-816-x-612.jpg","type":"image\/jpeg"}],"twitter_card":"summary_large_image","twitter_misc":{"Est. reading time":"2 minutes"},"schema":{"@context":"https:\/\/schema.org","@graph":[{"@type":"WebPage","@id":"https:\/\/jkbuve.lv\/en\/muresana\/","url":"https:\/\/jkbuve.lv\/en\/muresana\/","name":"M\u016br\u0113\u0161ana - Jkbuve","isPartOf":{"@id":"https:\/\/jkbuve.lv\/#website"},"primaryImageOfPage":{"@id":"https:\/\/jkbuve.lv\/en\/muresana\/#primaryimage"},"image":{"@id":"https:\/\/jkbuve.lv\/en\/muresana\/#primaryimage"},"thumbnailUrl":"https:\/\/jkbuve.lv\/wp-content\/uploads\/2024\/11\/20150522_162356-816-x-612.jpg","datePublished":"2024-11-02T15:13:46+00:00","dateModified":"2024-11-02T15:15:30+00:00","breadcrumb":{"@id":"https:\/\/jkbuve.lv\/en\/muresana\/#breadcrumb"},"inLanguage":"en-US","potentialAction":[{"@type":"ReadAction","target":["https:\/\/jkbuve.lv\/en\/muresana\/"]}]},{"@type":"ImageObject","inLanguage":"en-US","@id":"https:\/\/jkbuve.lv\/en\/muresana\/#primaryimage","url":"https:\/\/jkbuve.lv\/wp-content\/uploads\/2024\/11\/20150522_162356-816-x-612.jpg","contentUrl":"https:\/\/jkbuve.lv\/wp-content\/uploads\/2024\/11\/20150522_162356-816-x-612.jpg"},{"@type":"BreadcrumbList","@id":"https:\/\/jkbuve.lv\/en\/muresana\/#breadcrumb","itemListElement":[{"@type":"ListItem","position":1,"name":"Home","item":"https:\/\/jkbuve.lv\/en\/"},{"@type":"ListItem","position":2,"name":"M\u016br\u0113\u0161ana"}]},{"@type":"WebSite","@id":"https:\/\/jkbuve.lv\/#website","url":"https:\/\/jkbuve.lv\/","name":"JK B\u016bve","description":"Kvalitat\u012bvi b\u016bvniec\u012bbas pakalpojumi","publisher":{"@id":"https:\/\/jkbuve.lv\/#organization"},"potentialAction":[{"@type":"SearchAction","target":{"@type":"EntryPoint","urlTemplate":"https:\/\/jkbuve.lv\/?s={search_term_string}"},"query-input":{"@type":"PropertyValueSpecification","valueRequired":true,"valueName":"search_term_string"}}],"inLanguage":"en-US"},{"@type":"Organization","@id":"https:\/\/jkbuve.lv\/#organization","name":"JK B\u016bve","url":"https:\/\/jkbuve.lv\/","logo":{"@type":"ImageObject","inLanguage":"en-US","@id":"https:\/\/jkbuve.lv\/#\/schema\/logo\/image\/","url":"https:\/\/jkbuve.lv\/wp-content\/uploads\/2024\/11\/logo-jk.fw_.png","contentUrl":"https:\/\/jkbuve.lv\/wp-content\/uploads\/2024\/11\/logo-jk.fw_.png","width":5477,"height":3036,"caption":"JK B\u016bve"},"image":{"@id":"https:\/\/jkbuve.lv\/#\/schema\/logo\/image\/"},"sameAs":["https:\/\/m.facebook.com\/JKbuve\/","https:\/\/www.tiktok.com\/@jkbuve","https:\/\/www.instagram.com\/jkbuve"]}]}},"_links":{"self":[{"href":"https:\/\/jkbuve.lv\/en\/wp-json\/wp\/v2\/pages\/545","targetHints":{"allow":["GET"]}}],"collection":[{"href":"https:\/\/jkbuve.lv\/en\/wp-json\/wp\/v2\/pages"}],"about":[{"href":"https:\/\/jkbuve.lv\/en\/wp-json\/wp\/v2\/types\/page"}],"author":[{"embeddable":true,"href":"https:\/\/jkbuve.lv\/en\/wp-json\/wp\/v2\/users\/2"}],"replies":[{"embeddable":true,"href":"https:\/\/jkbuve.lv\/en\/wp-json\/wp\/v2\/comments?post=545"}],"version-history":[{"count":4,"href":"https:\/\/jkbuve.lv\/en\/wp-json\/wp\/v2\/pages\/545\/revisions"}],"predecessor-version":[{"id":549,"href":"https:\/\/jkbuve.lv\/en\/wp-json\/wp\/v2\/pages\/545\/revisions\/549"}],"wp:attachment":[{"href":"https:\/\/jkbuve.lv\/en\/wp-json\/wp\/v2\/media?parent=545"}],"curies":[{"name":"wp","href":"https:\/\/api.w.org\/{rel}","templated":true}]}}